{"id":35,"date":"2025-08-14T17:40:26","date_gmt":"2025-08-14T15:40:26","guid":{"rendered":"https:\/\/mission-possible-band.de\/Fanshop\/agb\/"},"modified":"2025-08-22T23:32:45","modified_gmt":"2025-08-22T21:32:45","slug":"agb","status":"publish","type":"page","link":"https:\/\/mission-possible-band.de\/Fanshop\/agb\/","title":{"rendered":"AGB"},"content":{"rendered":"\n<h3 class=\"wp-block-heading\"><strong>\u00a71 Geltung gegen\u00fcber Unternehmern und Begriffsdefinitionen<\/strong><\/h3>\n\n\n\n<p>(1) Die nachfolgenden Allgemeinen Gesch\u00e4ftbedingungen gelten f\u00fcr alle Lieferungen zwischen uns und einem Verbraucher in ihrer zum Zeitpunkt der Bestellung g\u00fcltigen Fassung.<br><br>Verbraucher ist jede nat\u00fcrliche Person, die ein Rechtsgesch\u00e4ft zu Zwecken abschlie\u00dft, die \u00fcberwiegend weder ihrer gewerblichen noch ihrer selbst\u00e4ndigen beruflichen T\u00e4tigkeit zugerechnet werden k\u00f6nnen (\u00a7 13 BGB).<\/p>\n\n\n\n<p><\/p>\n\n\n\n<h3 class=\"wp-block-heading\"><strong>\u00a72 Zustandekommen eines Vertrages, Speicherung des Vertragstextes<\/strong><\/h3>\n\n\n\n<p>(1) Die folgenden Regelungen \u00fcber den Vertragsabschluss gelten f\u00fcr Bestellungen \u00fcber unseren Internetshop https:\/\/mission-possible-band.de\/Fanshop\/<br><br>2) Im Falle des Vertragsschlusses kommt der Vertrag mit<\/p>\n\n\n\n<figure class=\"wp-block-image size-full\"><img loading=\"lazy\" decoding=\"async\" width=\"373\" height=\"88\" src=\"https:\/\/mission-possible-band.de\/Fanshop\/wp-content\/uploads\/2025\/08\/mifiAnschriftschwarz.png\" alt=\"\" class=\"wp-image-60\" srcset=\"https:\/\/mission-possible-band.de\/Fanshop\/wp-content\/uploads\/2025\/08\/mifiAnschriftschwarz.png 373w, https:\/\/mission-possible-band.de\/Fanshop\/wp-content\/uploads\/2025\/08\/mifiAnschriftschwarz-300x71.png 300w\" sizes=\"auto, (max-width: 373px) 100vw, 373px\" \/><\/figure>\n\n\n\n<p>&nbsp;&nbsp;&nbsp;&nbsp; zustande.<\/p>\n\n\n\n<p>(3) Die Pr\u00e4sentation der Waren in unserem Internetshop stellen kein rechtlich bindendes Vertragsangebot unsererseits dar, sondern sind nur eine unverbindliche Aufforderungen an den Verbraucher, Waren zu bestellen. Mit der Bestellung der gew\u00fcnschten Ware gibt der Verbraucher ein f\u00fcr ihn verbindliches Angebot auf Abschluss eines Kaufvertrages ab.<br><br>(4) Bei Eingang einer Bestellung in unserem Internetshop gelten folgende Regelungen: Der Verbraucher gibt ein bindendes Vertragsangebot ab, indem er die in unserem Internetshop vorgesehene Bestellprozedur erfolgreich durchl\u00e4uft.<br><br>Die Bestellung erfolgt in folgenden Schritten:<\/p>\n\n\n\n<p>1) Auswahl der gew\u00fcnschten Ware<br>2) Best\u00e4tigen durch Anklicken der Buttons \u201eIn den Warenkorb\u201c<br>3) Pr\u00fcfung der Angaben im Warenkorb<br>4) Bet\u00e4tigung des Buttons \u201ezur Kasse\u201c<br>5) Anmeldung im Internetshop nach Registrierung und Eingabe der Anmelderangaben (E-Mail-Adresse und Passwort). Oder Bestellung ohne Kundenkonto mit Eingabe der pers\u00f6nlichen Daten, Lieferadresse und E-Mail-Adresse.<\/p>\n\n\n\n<p>6) Auswahl der Versandart<\/p>\n\n\n\n<p>7) Anzeige\/Auswahl der Zahlungsart<\/p>\n\n\n\n<p>8) Nochmalige Pr\u00fcfung bzw. Berichtigung der jeweiligen eingegebenen Daten.<br>9) Verbindliche Absendung der Bestellung durch Anklicken des Buttons \u201ekaufen\u201c<\/p>\n\n\n\n<p>Der Verbraucher kann vor dem verbindlichen Absenden der Bestellung durch Bet\u00e4tigen der in dem von ihm verwendeten Internet-Browser enthaltenen \u201eZur\u00fcck\u201c-Taste nach Kontrolle seiner Angaben wieder zu der Internetseite gelangen, auf der die Angaben des Kunden erfasst werden und Eingabefehler berichtigen bzw. durch Schlie\u00dfen des Internetbrowsers den Bestellvorgang abbrechen. Wir best\u00e4tigen den Eingang der Bestellung unmittelbar durch eine automatisch generierte E-Mail (\u201e Bestellbest\u00e4tigung \u201c). Mit dieser nehmen wir Ihr Angebot an.<br><br>(5) Speicherung des Vertragstextes bei Bestellungen \u00fcber unseren Internetshop : Wir speichern den Vertragstext und senden Ihnen die Bestelldaten per E-Mail zu. Die AGB k\u00f6nnen Sie jederzeit unter\u00a0<a href=\"https:\/\/mission-possible-band.de\/Fanshop\/agb.php?main_page=conditions\">Fanshop AGB<\/a>\u00a0 einsehen. <\/p>\n\n\n\n<p><\/p>\n\n\n\n<h3 class=\"wp-block-heading\"><strong>\u00a73 Preise, Versandkosten, Zahlung, F\u00e4lligkeit<\/strong><br>&nbsp;<\/h3>\n\n\n\n<p>(1) Die angegebenen Preise sind Endpreise und gem. \u00a7 19 Abs. 1 UStG wird keine Umsatzsteuer (Mehrwertsteuer) ausgewiesen. Hinzu kommen etwaige Versandkosten.<br><br>(2) Der Kunde hat ausschlie\u00dflich folgende M\u00f6glichkeiten zur Zahlung: Vorab\u00fcberweisung, Weitere Zahlungsarten werden nicht angeboten und werden zur\u00fcckgewiesen.<\/p>\n\n\n\n<p>Der Rechnungsbetrag ist nach Zugang der Rechnung, die alle Angaben f\u00fcr die \u00dcberweisung enth\u00e4lt und mit E-Mail verschickt wird, auf das dort angegebene Konto vorab zu \u00fcberweisen. Der Kunde ist verpflichtet innerhalb von 5 Werktagen nach Erhalt der Rechnung den ausgewiesenen Betrag auf das auf der Rechnung angegebene Konto einzuzahlen oder zu \u00fcberweisen. Die Zahlung ist ab Rechnungsdatum ohne Abzug f\u00e4llig. Der Kunde kommt erst nach Mahnung in Verzug.<\/p>\n\n\n\n<p><\/p>\n\n\n\n<h3 class=\"wp-block-heading\"><strong>\u00a74 Lieferung<\/strong><\/h3>\n\n\n\n<p>(1) Der Versand erfolgt bei T-Shirts mit individuellen Druck nach Kundenwunsch sp\u00e4testens nach 35 Tagen, nach best\u00e4tigtem Zahlungseingang auf dem Konto des Anbieters. Die Dauer bis zum Versand der Artikel, ist bei jedem Artikel im Shop hinterlegt. Der Kunde wird \u00fcber Verz\u00f6gerungen umgehend informiert. Hat der Anbieter ein dauerhaftes Lieferhindernis, insbesondere h\u00f6here Gewalt oder Nichtbelieferung durch eigenen Lieferanten, obwohl rechtzeitig ein entsprechendes Deckungsgesch\u00e4ft get\u00e4tigt wurde, nicht zu vertreten, so hat der Anbieter das Recht, insoweit von einem Vertrag mit dem Kunden zur\u00fcckzutreten. Der Kunde wird dar\u00fcber unverz\u00fcglich informiert und empfangene Leistungen, insbesondere Zahlungen, zur\u00fcckerstattet.<br><br>(2) Die Gefahr des zuf\u00e4lligen Untergangs und der zuf\u00e4lligen Verschlechterung der verkauften Sache geht auch beim Versendungskauf erst mit der \u00dcbergabe der Sache an den K\u00e4ufer auf diesen \u00fcber.<\/p>\n\n\n\n<p><\/p>\n\n\n\n<h3 class=\"wp-block-heading\"><strong>\u00a75 Eigentumsvorbehalt<\/strong><\/h3>\n\n\n\n<p>Wir behalten uns das Eigentum an der Ware bis zur vollst\u00e4ndigen Bezahlung des Kaufpreises vor.<\/p>\n\n\n\n<p><\/p>\n\n\n\n<p class=\"has-text-align-center\">****************************************************************************************************<\/p>\n\n\n\n<h3 class=\"wp-block-heading\"><strong>\u00a76 Widerrufsrecht des Kunden als Verbraucher:<\/strong><\/h3>\n\n\n\n<p><strong>Widerrufsrecht f\u00fcr Verbraucher<\/strong><br><br>Verbrauchern steht ein Widerrufsrecht nach folgender Ma\u00dfgabe zu, wobei Verbraucher jede nat\u00fcrliche Person ist, die ein Rechtsgesch\u00e4ft zu Zwecken abschlie\u00dft, die \u00fcberwiegend weder ihrer gewerblichen noch ihrer selbst\u00e4ndigen beruflichen T\u00e4tigkeit zugerechnet werden k\u00f6nnen:<\/p>\n\n\n\n<p><strong>Widerrufsbelehrung<\/strong><\/p>\n\n\n\n<p><br><strong>Widerrufsrecht<\/strong><\/p>\n\n\n\n<p><br>Sie haben das Recht, binnen vierzehn Tagen ohne Angabe von Gr\u00fcnden diesen Vertrag zu widerrufen.<br><br>Die Widerrufsfrist betr\u00e4gt vierzehn Tage, ab dem Tag, an dem Sie oder ein von Ihnen benannter Dritter, der nicht der Bef\u00f6rderer ist, die Waren in Besitz genommen haben bzw. hat.<br><br>Um Ihr Widerrufsrecht auszu\u00fcben, m\u00fcssen Sie uns<\/p>\n\n\n\n<figure class=\"wp-block-image size-full\"><img loading=\"lazy\" decoding=\"async\" width=\"373\" height=\"148\" src=\"https:\/\/mission-possible-band.de\/Fanshop\/wp-content\/uploads\/2025\/08\/mifikomplettschwarz.png\" alt=\"\" class=\"wp-image-212\" srcset=\"https:\/\/mission-possible-band.de\/Fanshop\/wp-content\/uploads\/2025\/08\/mifikomplettschwarz.png 373w, https:\/\/mission-possible-band.de\/Fanshop\/wp-content\/uploads\/2025\/08\/mifikomplettschwarz-300x119.png 300w\" sizes=\"auto, (max-width: 373px) 100vw, 373px\" \/><\/figure>\n\n\n\n<p>mittels einer eindeutigen Erkl\u00e4rung (z.B. ein mit der Post versandter Brief oder E-Mail) \u00fcber Ihren Entschluss, diesen Vertrag zu widerrufen, informieren. Sie k\u00f6nnen daf\u00fcr das beigef\u00fcgte Muster-Widerrufsformular verwenden, das jedoch nicht vorgeschrieben ist.<br>&nbsp;<\/p>\n\n\n\n<p><strong>Widerrufsfolgen<\/strong><\/p>\n\n\n\n<p><br>Wenn Sie diesen Vertrag widerrufen, haben wir Ihnen alle Zahlungen, die wir von Ihnen erhalten haben, einschlie\u00dflich der Lieferkosten (mit Ausnahme der zus\u00e4tzlichen Kosten, die sich daraus ergeben, dass Sie eine andere Art der Lieferung als die von uns angebotene, g\u00fcnstigste Standardlieferung gew\u00e4hlt haben), unverz\u00fcglich und sp\u00e4testens binnen vierzehn Tagen ab dem Tag zur\u00fcckzuzahlen, an dem die Mitteilung \u00fcber Ihren Widerruf dieses Vertrags bei uns eingegangen ist. F\u00fcr diese R\u00fcckzahlung verwenden wir dasselbe Zahlungsmittel, das Sie bei der urspr\u00fcnglichen Transaktion eingesetzt haben, es sei denn, mit Ihnen wurde ausdr\u00fccklich etwas anderes vereinbart; in keinem Fall werden Ihnen wegen dieser R\u00fcckzahlung Entgelte berechnet.<br><br>Wir k\u00f6nnen die R\u00fcckzahlung verweigern, bis wir die Waren wieder zur\u00fcckerhalten haben oder bis Sie den Nachweis erbracht haben, dass Sie die Waren zur\u00fcckgesandt haben, je nachdem, welches der fr\u00fchere Zeitpunkt ist.<br><br>Sie haben die Waren unverz\u00fcglich und in jedem Fall sp\u00e4testens binnen vierzehn Tagen ab dem Tag, an dem Sie uns \u00fcber den Widerruf dieses Vertrages unterrichten, an uns zur\u00fcckzusenden oder zu \u00fcbergeben. Die Frist ist gewahrt, wenn Sie die Waren vor Ablauf der Frist von vierzehn Tagen absenden.<br><br>Sie tragen die unmittelbaren Kosten der R\u00fccksendung der Waren.<br>&nbsp;<\/p>\n\n\n\n<p><strong>Ende &nbsp;der Widerrufsbelehrung<\/strong><\/p>\n\n\n\n<p><strong>Ausschluss des Widerrufsrechts<\/strong><\/p>\n\n\n\n<p>In folgenden F\u00e4llen k\u00f6nnen Sie Ihren Vertrag nicht widerrufen:<br>&#8211; bei Vertr\u00e4gen zur Lieferung von Waren (z.B. T-Shirts), die nicht vorgefertigt sind und f\u00fcr deren Herstellung eine individuelle Auswahl oder Bestimmung durch Sie ma\u00dfgeblich ist oder<br>&#8211; bei Vertr\u00e4gen, die eindeutig auf Ihre pers\u00f6nlichen Bed\u00fcrfnisse zugeschnitten sind (z.B. T-Shirts mit pers\u00f6nlichen Texten oder Motiven).<\/p>\n\n\n\n<p class=\"has-text-align-center\"><br><br>****************************************************************************************************<\/p>\n\n\n\n<h3 class=\"wp-block-heading\"><strong>\u00a77 Widerrufsformular<\/strong><\/h3>\n\n\n\n<p>Widerrufsformular<\/p>\n\n\n\n<p>Wenn Sie den Vertrag widerrufen wollen, dann \u00f6ffnen Sie bitte das folgende Widerrufsformular.<\/p>\n\n\n\n<p><a href=\"file:\/\/\/shop\/includes\/pdf\/MiFi Widerrufsformular.pdf\">&#8211; Widerrufsformular &#8211;<\/a><\/p>\n\n\n\n<p>F\u00fcllen Sie bitte dieses Formular aus und senden Sie es zur\u00fcck.<\/p>\n\n\n\n<h3 class=\"wp-block-heading\"><strong>\u00a78 Gew\u00e4hrleistung<\/strong><\/h3>\n\n\n\n<p>Es gelten die gesetzlichen Gew\u00e4hrleistungsregelungen.<br>&nbsp;<\/p>\n\n\n\n<h3 class=\"wp-block-heading\"><strong>\u00a79 Vertragssprache<\/strong><\/h3>\n\n\n\n<p>Als Vertragssprache steht ausschlie\u00dflich Deutsch zur Verf\u00fcgung.<\/p>\n\n\n\n<h3 class=\"wp-block-heading\"><strong>\u00a710 Salvatorische Klausel<\/strong><\/h3>\n\n\n\n<p>Die Unwirksamkeit einer Bestimmung dieser AGB hat keine Auswirkungen auf die Wirksamkeit der sonstigen Bestimmungen.<\/p>\n\n\n\n<p>Stand der AGB Sep.2017<\/p>\n\n\n\n<p><em><a href=\"http:\/\/www.agb.de\">Gratis AGB<\/a> erstellt von agb.de<\/em><\/p>\n\n\n<div class=\"woocommerce woocommerce-gzd woocommerce-gzd-complaints-shortcode\">\n\t\t\t<h3>Alternative Streitbeilegung gem\u00e4\u00df Art. 14 Abs. 1 ODR-VO und \u00a7 36 VSBG:<\/h3>\n\t\nZur Teilnahme an einem Streitbeilegungsverfahren vor einer Verbraucherschlichtungsstelle sind wir nicht verpflichtet und nicht bereit.<\/div>\n","protected":false},"excerpt":{"rendered":"<p>\u00a71 Geltung gegen\u00fcber Unternehmern und Begriffsdefinitionen (1) Die nachfolgenden Allgemeinen Gesch\u00e4ftbedingungen gelten f\u00fcr alle Lieferungen zwischen uns und einem Verbraucher [&hellip;]<\/p>\n","protected":false},"author":1,"featured_media":0,"parent":0,"menu_order":0,"comment_status":"closed","ping_status":"closed","template":"","meta":{"site-sidebar-layout":"default","site-content-layout":"","ast-site-content-layout":"default","site-content-style":"default","site-sidebar-style":"default","ast-global-header-display":"","ast-banner-title-visibility":"","ast-main-header-display":"","ast-hfb-above-header-display":"","ast-hfb-below-header-display":"","ast-hfb-mobile-header-display":"","site-post-title":"","ast-breadcrumbs-content":"","ast-featured-img":"","footer-sml-layout":"","ast-disable-related-posts":"","theme-transparent-header-meta":"","adv-header-id-meta":"","stick-header-meta":"","header-above-stick-meta":"","header-main-stick-meta":"","header-below-stick-meta":"","astra-migrate-meta-layouts":"default","ast-page-background-enabled":"default","ast-page-background-meta":{"desktop":{"background-color":"var(--ast-global-color-5)","background-image":"","background-repeat":"repeat","background-position":"center center","background-size":"auto","background-attachment":"scroll","background-type":"","background-media":"","overlay-type":"","overlay-color":"","overlay-opacity":"","overlay-gradient":""},"tablet":{"background-color":"","background-image":"","background-repeat":"repeat","background-position":"center center","background-size":"auto","background-attachment":"scroll","background-type":"","background-media":"","overlay-type":"","overlay-color":"","overlay-opacity":"","overlay-gradient":""},"mobile":{"background-color":"","background-image":"","background-repeat":"repeat","background-position":"center center","background-size":"auto","background-attachment":"scroll","background-type":"","background-media":"","overlay-type":"","overlay-color":"","overlay-opacity":"","overlay-gradient":""}},"ast-content-background-meta":{"desktop":{"background-color":"var(--ast-global-color-4)","background-image":"","background-repeat":"repeat","background-position":"center center","background-size":"auto","background-attachment":"scroll","background-type":"","background-media":"","overlay-type":"","overlay-color":"","overlay-opacity":"","overlay-gradient":""},"tablet":{"background-color":"var(--ast-global-color-4)","background-image":"","background-repeat":"repeat","background-position":"center center","background-size":"auto","background-attachment":"scroll","background-type":"","background-media":"","overlay-type":"","overlay-color":"","overlay-opacity":"","overlay-gradient":""},"mobile":{"background-color":"var(--ast-global-color-4)","background-image":"","background-repeat":"repeat","background-position":"center center","background-size":"auto","background-attachment":"scroll","background-type":"","background-media":"","overlay-type":"","overlay-color":"","overlay-opacity":"","overlay-gradient":""}},"footnotes":""},"class_list":["post-35","page","type-page","status-publish","hentry"],"_links":{"self":[{"href":"https:\/\/mission-possible-band.de\/Fanshop\/wp-json\/wp\/v2\/pages\/35","targetHints":{"allow":["GET"]}}],"collection":[{"href":"https:\/\/mission-possible-band.de\/Fanshop\/wp-json\/wp\/v2\/pages"}],"about":[{"href":"https:\/\/mission-possible-band.de\/Fanshop\/wp-json\/wp\/v2\/types\/page"}],"author":[{"embeddable":true,"href":"https:\/\/mission-possible-band.de\/Fanshop\/wp-json\/wp\/v2\/users\/1"}],"replies":[{"embeddable":true,"href":"https:\/\/mission-possible-band.de\/Fanshop\/wp-json\/wp\/v2\/comments?post=35"}],"version-history":[{"count":4,"href":"https:\/\/mission-possible-band.de\/Fanshop\/wp-json\/wp\/v2\/pages\/35\/revisions"}],"predecessor-version":[{"id":213,"href":"https:\/\/mission-possible-band.de\/Fanshop\/wp-json\/wp\/v2\/pages\/35\/revisions\/213"}],"wp:attachment":[{"href":"https:\/\/mission-possible-band.de\/Fanshop\/wp-json\/wp\/v2\/media?parent=35"}],"curies":[{"name":"wp","href":"https:\/\/api.w.org\/{rel}","templated":true}]}}