{"id":37,"date":"2025-08-14T17:40:26","date_gmt":"2025-08-14T15:40:26","guid":{"rendered":"https:\/\/mission-possible-band.de\/Fanshop\/versandarten\/"},"modified":"2025-08-23T14:03:30","modified_gmt":"2025-08-23T12:03:30","slug":"versandarten","status":"publish","type":"page","link":"https:\/\/mission-possible-band.de\/Fanshop\/versandarten\/","title":{"rendered":"Versandarten"},"content":{"rendered":"\n<p>Alle Preise sind Endpreise und gem. \u00a7 19 Abs. 1 UStG wird keine Umsatzsteuer (Mehrwertsteuer) ausgewiesen. Neben den Endpreisen fallen je nach Versandart weitere Kosten an, die vor Versendung der Bestellung angezeigt werden. Besteht ein Widerrufsrecht und wird von diesem Gebraucht gemacht, tr\u00e4gt der Kunde die Kosten der R\u00fccksendung.<\/p>\n\n\n\n<p>Eine Versendung und Abholung ist grunds\u00e4tzlich nur innerhalb Deutschlands vorgesehen.<br>Sollte in ein anderes europ\u00e4isches Land versendet werden, kontaktiert uns, wir werden bestimmt eine L\u00f6sung daf\u00fcr finden.<\/p>\n\n\n\n<hr class=\"wp-block-separator has-alpha-channel-opacity\"\/>\n\n\n\n<p><strong>Wir bieten im Fanshop als Versandarten an:<\/strong><\/p>\n\n\n\n<p>\u20ac 3,00 &#8211; Versandkostenpauschale unversicherter Versand 35,3 x 25 x 5 bis maximal 1 Kg pro Sendung.<\/p>\n\n\n\n<p>\u20ac 4,70 &#8211; DHL P\u00e4ckchen M bis 2 kg bis 60 x 30 x 15 cm ohne Sendungsverfolgung ohne Haftung<\/p>\n\n\n\n<p>\u20ac 6,20 &#8211; DHL Paket 2 kg bis 60 x 30 x 15 cm, mit Sendungsverfolgung, mit Haftung bis 500 EUR<\/p>\n\n\n\n<p><strong>Sollte das Gesamtgewicht von 2 Kg \u00fcberschritten werden, bieten wir folgende Versandarten an.<br>Diese werden in Absprache mit dem Kunden gesondert abgerechnet<\/strong>.<\/p>\n\n\n\n<p>\u20ac 7,70 &#8211; DHL Paket 5 kg bis 120 x 60 x 60 cm, mit Sendungsverfolgung, mit Haftung bis 500 EUR<\/p>\n\n\n\n<p>\u20ac 10,50 &#8211; DHL Paket 10 kg bis 120 x 60 x 60 cm, mit Sendungsverfolgung, mit Haftung bis 500 EUR<\/p>\n\n\n\n<p>\u20ac 19,00 &#8211; DHL Paket 20 kg bis 120 x 60 x 60 cm, mitSendungsverfolgung, mit Haftung bis 500 EUR<\/p>\n\n\n\n<p>\u20ac 24,00 &#8211; DHL Paket 31,5 kg bis 120 x 60 x 60 cm, mit Sendungsverfolgung, mit Haftung bis 500 EUR<\/p>\n\n\n\n<p><strong>Wir bieten auch kostenfreie Abholung an:<\/strong><\/p>\n\n\n\n<p>Abholung bei einem Auftritt der Band<\/p>\n\n\n\n<p>Abholung an der Gesch\u00e4ftsadresse des Shops<\/p>\n","protected":false},"excerpt":{"rendered":"<p>Alle Preise sind Endpreise und gem. \u00a7 19 Abs. 1 UStG wird keine Umsatzsteuer (Mehrwertsteuer) ausgewiesen. Neben den Endpreisen fallen [&hellip;]<\/p>\n","protected":false},"author":1,"featured_media":0,"parent":0,"menu_order":0,"comment_status":"closed","ping_status":"closed","template":"","meta":{"site-sidebar-layout":"default","site-content-layout":"","ast-site-content-layout":"default","site-content-style":"default","site-sidebar-style":"default","ast-global-header-display":"","ast-banner-title-visibility":"","ast-main-header-display":"","ast-hfb-above-header-display":"","ast-hfb-below-header-display":"","ast-hfb-mobile-header-display":"","site-post-title":"","ast-breadcrumbs-content":"","ast-featured-img":"","footer-sml-layout":"","ast-disable-related-posts":"","theme-transparent-header-meta":"","adv-header-id-meta":"","stick-header-meta":"","header-above-stick-meta":"","header-main-stick-meta":"","header-below-stick-meta":"","astra-migrate-meta-layouts":"default","ast-page-background-enabled":"default","ast-page-background-meta":{"desktop":{"background-color":"var(--ast-global-color-5)","background-image":"","background-repeat":"repeat","background-position":"center center","background-size":"auto","background-attachment":"scroll","background-type":"","background-media":"","overlay-type":"","overlay-color":"","overlay-opacity":"","overlay-gradient":""},"tablet":{"background-color":"","background-image":"","background-repeat":"repeat","background-position":"center center","background-size":"auto","background-attachment":"scroll","background-type":"","background-media":"","overlay-type":"","overlay-color":"","overlay-opacity":"","overlay-gradient":""},"mobile":{"background-color":"","background-image":"","background-repeat":"repeat","background-position":"center center","background-size":"auto","background-attachment":"scroll","background-type":"","background-media":"","overlay-type":"","overlay-color":"","overlay-opacity":"","overlay-gradient":""}},"ast-content-background-meta":{"desktop":{"background-color":"var(--ast-global-color-4)","background-image":"","background-repeat":"repeat","background-position":"center center","background-size":"auto","background-attachment":"scroll","background-type":"","background-media":"","overlay-type":"","overlay-color":"","overlay-opacity":"","overlay-gradient":""},"tablet":{"background-color":"var(--ast-global-color-4)","background-image":"","background-repeat":"repeat","background-position":"center center","background-size":"auto","background-attachment":"scroll","background-type":"","background-media":"","overlay-type":"","overlay-color":"","overlay-opacity":"","overlay-gradient":""},"mobile":{"background-color":"var(--ast-global-color-4)","background-image":"","background-repeat":"repeat","background-position":"center center","background-size":"auto","background-attachment":"scroll","background-type":"","background-media":"","overlay-type":"","overlay-color":"","overlay-opacity":"","overlay-gradient":""}},"footnotes":""},"class_list":["post-37","page","type-page","status-publish","hentry"],"_links":{"self":[{"href":"https:\/\/mission-possible-band.de\/Fanshop\/wp-json\/wp\/v2\/pages\/37","targetHints":{"allow":["GET"]}}],"collection":[{"href":"https:\/\/mission-possible-band.de\/Fanshop\/wp-json\/wp\/v2\/pages"}],"about":[{"href":"https:\/\/mission-possible-band.de\/Fanshop\/wp-json\/wp\/v2\/types\/page"}],"author":[{"embeddable":true,"href":"https:\/\/mission-possible-band.de\/Fanshop\/wp-json\/wp\/v2\/users\/1"}],"replies":[{"embeddable":true,"href":"https:\/\/mission-possible-band.de\/Fanshop\/wp-json\/wp\/v2\/comments?post=37"}],"version-history":[{"count":3,"href":"https:\/\/mission-possible-band.de\/Fanshop\/wp-json\/wp\/v2\/pages\/37\/revisions"}],"predecessor-version":[{"id":264,"href":"https:\/\/mission-possible-band.de\/Fanshop\/wp-json\/wp\/v2\/pages\/37\/revisions\/264"}],"wp:attachment":[{"href":"https:\/\/mission-possible-band.de\/Fanshop\/wp-json\/wp\/v2\/media?parent=37"}],"curies":[{"name":"wp","href":"https:\/\/api.w.org\/{rel}","templated":true}]}}