{"id":126,"date":"2025-08-14T22:59:25","date_gmt":"2025-08-14T20:59:25","guid":{"rendered":"https:\/\/mission-possible-band.de\/Fanshop\/?post_type=product&#038;p=126"},"modified":"2025-08-26T22:51:26","modified_gmt":"2025-08-26T20:51:26","slug":"schluesselanhaenger-schwarz","status":"publish","type":"product","link":"https:\/\/mission-possible-band.de\/Fanshop\/produkt\/schluesselanhaenger-schwarz\/","title":{"rendered":"Schl\u00fcsselanh\u00e4nger aus schwarzem Filz mit beidseitigem Aufdruck"},"content":{"rendered":"<p data-start=\"243\" data-end=\"604\">Dieser Schl\u00fcsselanh\u00e4nger ist mehr als nur ein praktisches Accessoire \u2013 er ist ein Statement! Schwarzer Filz, beidseitig mit den Band-Schriftz\u00fcgen <em data-start=\"389\" data-end=\"414\">\u201emission possible band\u201c<\/em> und <em data-start=\"419\" data-end=\"446\">\u201efinest rock cover music\u201c<\/em> bedruckt. Der Druck ist knallig, langlebig und h\u00e4lt auch die wildesten Konzertn\u00e4chte aus \u2013 dank hochwertigem Flexprint (PVC-frei, strapazierf\u00e4hig, robust).<\/p>\n<p data-start=\"606\" data-end=\"716\">Mit 12 \u00d7 3 cm liegt er perfekt in der Hand, der Edelstahlring (\u00d8 3 cm) h\u00e4lt deine Schl\u00fcssel sicher zusammen.<\/p>\n<p data-start=\"718\" data-end=\"896\">Und das Beste: Du kannst aus 16 fetten Schriftfarben w\u00e4hlen \u2013 von Apfelgr\u00fcn \u00fcber Hibiscus bis Ros\u00e9gold. Egal, ob dezent oder laut \u2013 du setzt dein eigenes Rock\u2019n\u2019Roll-Statement.<\/p>\n<p data-start=\"898\" data-end=\"963\">Hinweis: Je nach Bildschirm k\u00f6nnen die Farben leicht abweichen.<\/p>\n<p>&nbsp;<\/p>\n<hr data-start=\"1244\" data-end=\"1247\" \/>\n","protected":false},"excerpt":{"rendered":"<p>Schl\u00fcsselanh\u00e4nger aus schwarzem Filz mit beidseitigem Aufdruck<\/p>\n","protected":false},"featured_media":135,"template":"","meta":{"site-sidebar-layout":"default","site-content-layout":"","ast-site-content-layout":"default","site-content-style":"default","site-sidebar-style":"default","ast-global-header-display":"","ast-banner-title-visibility":"","ast-main-header-display":"","ast-hfb-above-header-display":"","ast-hfb-below-header-display":"","ast-hfb-mobile-header-display":"","site-post-title":"","ast-breadcrumbs-content":"","ast-featured-img":"","footer-sml-layout":"","ast-disable-related-posts":"","theme-transparent-header-meta":"default","adv-header-id-meta":"","stick-header-meta":"","header-above-stick-meta":"","header-main-stick-meta":"","header-below-stick-meta":"","astra-migrate-meta-layouts":"set","ast-page-background-enabled":"default","ast-page-background-meta":{"desktop":{"background-color":"var(--ast-global-color-5)","background-image":"","background-repeat":"repeat","background-position":"center center","background-size":"auto","background-attachment":"scroll","background-type":"","background-media":"","overlay-type":"","overlay-color":"","overlay-opacity":"","overlay-gradient":""},"tablet":{"background-color":"","background-image":"","background-repeat":"repeat","background-position":"center center","background-size":"auto","background-attachment":"scroll","background-type":"","background-media":"","overlay-type":"","overlay-color":"","overlay-opacity":"","overlay-gradient":""},"mobile":{"background-color":"","background-image":"","background-repeat":"repeat","background-position":"center center","background-size":"auto","background-attachment":"scroll","background-type":"","background-media":"","overlay-type":"","overlay-color":"","overlay-opacity":"","overlay-gradient":""}},"ast-content-background-meta":{"desktop":{"background-color":"var(--ast-global-color-4)","background-image":"","background-repeat":"repeat","background-position":"center center","background-size":"auto","background-attachment":"scroll","background-type":"","background-media":"","overlay-type":"","overlay-color":"","overlay-opacity":"","overlay-gradient":""},"tablet":{"background-color":"var(--ast-global-color-4)","background-image":"","background-repeat":"repeat","background-position":"center center","background-size":"auto","background-attachment":"scroll","background-type":"","background-media":"","overlay-type":"","overlay-color":"","overlay-opacity":"","overlay-gradient":""},"mobile":{"background-color":"var(--ast-global-color-4)","background-image":"","background-repeat":"repeat","background-position":"center center","background-size":"auto","background-attachment":"scroll","background-type":"","background-media":"","overlay-type":"","overlay-color":"","overlay-opacity":"","overlay-gradient":""}}},"product_brand":[],"product_cat":[17],"product_tag":[],"class_list":{"0":"post-126","1":"product","2":"type-product","3":"status-publish","4":"has-post-thumbnail","6":"product_cat-accessoires","7":"desktop-align-center","8":"tablet-align-left","9":"mobile-align-left","11":"first","12":"instock","13":"shipping-taxable","14":"purchasable","15":"product-type-variable"},"_links":{"self":[{"href":"https:\/\/mission-possible-band.de\/Fanshop\/wp-json\/wp\/v2\/product\/126","targetHints":{"allow":["GET"]}}],"collection":[{"href":"https:\/\/mission-possible-band.de\/Fanshop\/wp-json\/wp\/v2\/product"}],"about":[{"href":"https:\/\/mission-possible-band.de\/Fanshop\/wp-json\/wp\/v2\/types\/product"}],"wp:featuredmedia":[{"embeddable":true,"href":"https:\/\/mission-possible-band.de\/Fanshop\/wp-json\/wp\/v2\/media\/135"}],"wp:attachment":[{"href":"https:\/\/mission-possible-band.de\/Fanshop\/wp-json\/wp\/v2\/media?parent=126"}],"wp:term":[{"taxonomy":"product_brand","embeddable":true,"href":"https:\/\/mission-possible-band.de\/Fanshop\/wp-json\/wp\/v2\/product_brand?post=126"},{"taxonomy":"product_cat","embeddable":true,"href":"https:\/\/mission-possible-band.de\/Fanshop\/wp-json\/wp\/v2\/product_cat?post=126"},{"taxonomy":"product_tag","embeddable":true,"href":"https:\/\/mission-possible-band.de\/Fanshop\/wp-json\/wp\/v2\/product_tag?post=126"}],"curies":[{"name":"wp","href":"https:\/\/api.w.org\/{rel}","templated":true}]}}