{"id":172,"date":"2025-08-16T01:10:56","date_gmt":"2025-08-15T23:10:56","guid":{"rendered":"https:\/\/mission-possible-band.de\/Fanshop\/?post_type=product&#038;p=172"},"modified":"2025-08-26T22:25:41","modified_gmt":"2025-08-26T20:25:41","slug":"cap-schwarz-mit-gelbem-aufdruck-kopie","status":"publish","type":"product","link":"https:\/\/mission-possible-band.de\/Fanshop\/produkt\/cap-schwarz-mit-gelbem-aufdruck-kopie\/","title":{"rendered":"Cap Schwarz mit Ros\u00e9gold Print"},"content":{"rendered":"<p data-start=\"154\" data-end=\"779\">Diese schwarze Cap besticht durch einen edlen Print in gl\u00e4nzendem Ros\u00e9gold. Gefertigt aus schwerer, geb\u00fcrsteter Baumwolle bietet sie eine hochwertige Haptik und einen angenehmen Sitz. Die strukturierte Krone sorgt f\u00fcr eine stabile Form, w\u00e4hrend der vorgeformte Schirm im Sandwich-Style den sportlich-modernen Look unterstreicht. Hinten l\u00e4sst sich die Cap dank Metallschnalle individuell anpassen. F\u00fcr ein Plus an Komfort sind sechs umstickte Bel\u00fcftungs\u00f6sen eingearbeitet. Der langlebige Flexdruck wird mit einer PVC-freien Polyurethanfolie umgesetzt, die strapazierf\u00e4hig und umweltfreundlich ist.<\/p>\n<p data-start=\"781\" data-end=\"948\"><strong data-start=\"781\" data-end=\"793\">Hinweis:<\/strong><br data-start=\"793\" data-end=\"796\" \/>Die dargestellten Farben unserer Produktfotos k\u00f6nnen je nach Bildschirmeinstellung leicht vom Original abweichen und sind daher nicht farbverbindlich.<\/p>\n","protected":false},"excerpt":{"rendered":"<p>Cap Schwarz mit Ros\u00e9gold Print<\/p>\n","protected":false},"featured_media":173,"template":"","meta":{"site-sidebar-layout":"default","site-content-layout":"","ast-site-content-layout":"default","site-content-style":"default","site-sidebar-style":"default","ast-global-header-display":"","ast-banner-title-visibility":"","ast-main-header-display":"","ast-hfb-above-header-display":"","ast-hfb-below-header-display":"","ast-hfb-mobile-header-display":"","site-post-title":"","ast-breadcrumbs-content":"","ast-featured-img":"","footer-sml-layout":"","ast-disable-related-posts":"","theme-transparent-header-meta":"default","adv-header-id-meta":"","stick-header-meta":"","header-above-stick-meta":"","header-main-stick-meta":"","header-below-stick-meta":"","astra-migrate-meta-layouts":"set","ast-page-background-enabled":"default","ast-page-background-meta":{"desktop":{"background-color":"var(--ast-global-color-5)","background-image":"","background-repeat":"repeat","background-position":"center center","background-size":"auto","background-attachment":"scroll","background-type":"","background-media":"","overlay-type":"","overlay-color":"","overlay-opacity":"","overlay-gradient":""},"tablet":{"background-color":"","background-image":"","background-repeat":"repeat","background-position":"center center","background-size":"auto","background-attachment":"scroll","background-type":"","background-media":"","overlay-type":"","overlay-color":"","overlay-opacity":"","overlay-gradient":""},"mobile":{"background-color":"","background-image":"","background-repeat":"repeat","background-position":"center center","background-size":"auto","background-attachment":"scroll","background-type":"","background-media":"","overlay-type":"","overlay-color":"","overlay-opacity":"","overlay-gradient":""}},"ast-content-background-meta":{"desktop":{"background-color":"var(--ast-global-color-4)","background-image":"","background-repeat":"repeat","background-position":"center center","background-size":"auto","background-attachment":"scroll","background-type":"","background-media":"","overlay-type":"","overlay-color":"","overlay-opacity":"","overlay-gradient":""},"tablet":{"background-color":"var(--ast-global-color-4)","background-image":"","background-repeat":"repeat","background-position":"center center","background-size":"auto","background-attachment":"scroll","background-type":"","background-media":"","overlay-type":"","overlay-color":"","overlay-opacity":"","overlay-gradient":""},"mobile":{"background-color":"var(--ast-global-color-4)","background-image":"","background-repeat":"repeat","background-position":"center center","background-size":"auto","background-attachment":"scroll","background-type":"","background-media":"","overlay-type":"","overlay-color":"","overlay-opacity":"","overlay-gradient":""}}},"product_brand":[50],"product_cat":[48],"product_tag":[49],"class_list":{"0":"post-172","1":"product","2":"type-product","3":"status-publish","4":"has-post-thumbnail","6":"product_brand-sols","7":"product_cat-caps-kopfbedeckungen","8":"product_tag-caps","9":"desktop-align-center","10":"tablet-align-left","11":"mobile-align-left","13":"first","14":"instock","15":"shipping-taxable","16":"purchasable","17":"product-type-simple"},"_links":{"self":[{"href":"https:\/\/mission-possible-band.de\/Fanshop\/wp-json\/wp\/v2\/product\/172","targetHints":{"allow":["GET"]}}],"collection":[{"href":"https:\/\/mission-possible-band.de\/Fanshop\/wp-json\/wp\/v2\/product"}],"about":[{"href":"https:\/\/mission-possible-band.de\/Fanshop\/wp-json\/wp\/v2\/types\/product"}],"wp:featuredmedia":[{"embeddable":true,"href":"https:\/\/mission-possible-band.de\/Fanshop\/wp-json\/wp\/v2\/media\/173"}],"wp:attachment":[{"href":"https:\/\/mission-possible-band.de\/Fanshop\/wp-json\/wp\/v2\/media?parent=172"}],"wp:term":[{"taxonomy":"product_brand","embeddable":true,"href":"https:\/\/mission-possible-band.de\/Fanshop\/wp-json\/wp\/v2\/product_brand?post=172"},{"taxonomy":"product_cat","embeddable":true,"href":"https:\/\/mission-possible-band.de\/Fanshop\/wp-json\/wp\/v2\/product_cat?post=172"},{"taxonomy":"product_tag","embeddable":true,"href":"https:\/\/mission-possible-band.de\/Fanshop\/wp-json\/wp\/v2\/product_tag?post=172"}],"curies":[{"name":"wp","href":"https:\/\/api.w.org\/{rel}","templated":true}]}}