{"id":335,"date":"2025-08-23T23:11:42","date_gmt":"2025-08-23T21:11:42","guid":{"rendered":"https:\/\/mission-possible-band.de\/Fanshop\/?post_type=product&#038;p=335"},"modified":"2025-08-31T12:05:35","modified_gmt":"2025-08-31T10:05:35","slug":"turnbeutel-since-2010-schwarz-aufdruck-in-teal-und-kupfer","status":"publish","type":"product","link":"https:\/\/mission-possible-band.de\/Fanshop\/produkt\/turnbeutel-since-2010-schwarz-aufdruck-in-teal-und-kupfer\/","title":{"rendered":"Turnbeutel Polyester \u201esince 2010\u201c Schwarz mit Aufdruck in Teal und Kupfer"},"content":{"rendered":"<p data-start=\"195\" data-end=\"483\">Der schwarze Turnbeutel tr\u00e4gt das <em data-start=\"229\" data-end=\"243\">\u201esince 2010\u201c<\/em>-Motiv in einer besonderen Farbkombination: metallisch gl\u00e4nzendes Teal trifft auf edles Kupfer. Der zweifarbige Print setzt stilvolle Akzente und macht den Beutel zu einem echten Hingucker \u2013 egal ob unterwegs, beim Konzert oder im Alltag.<\/p>\n<p data-start=\"485\" data-end=\"731\">Das strapazierf\u00e4hige Polyester-Material sorgt f\u00fcr Leichtigkeit und Robustheit zugleich. Mit ca. 11 Litern Fassungsverm\u00f6gen bietet der Beutel genug Platz f\u00fcr deine Essentials. Verst\u00e4rkte Ecken mit Metall\u00f6sen erh\u00f6hen zus\u00e4tzlich die Langlebigkeit.<\/p>\n<p data-start=\"733\" data-end=\"981\"><strong data-start=\"733\" data-end=\"751\">Pflegehinweis:<\/strong><br data-start=\"751\" data-end=\"754\" \/>Nicht waschbar! Bitte den Beutel nur mit einem leicht feuchten Tuch reinigen und an der Luft trocknen lassen. Keine Waschmaschine, kein Trockner und keine chemische Reinigung verwenden, um die Qualit\u00e4t des Drucks zu bewahren.<\/p>\n<p data-start=\"983\" data-end=\"997\"><strong data-start=\"983\" data-end=\"995\">Details:<\/strong><\/p>\n<ul data-start=\"998\" data-end=\"1155\">\n<li data-start=\"998\" data-end=\"1022\">\n<p data-start=\"1000\" data-end=\"1022\">Ma\u00dfe: ca. 45 \u00d7 33 cm<\/p>\n<\/li>\n<li data-start=\"1023\" data-end=\"1048\">\n<p data-start=\"1025\" data-end=\"1048\">Volumen: ca. 11 Liter<\/p>\n<\/li>\n<li data-start=\"1049\" data-end=\"1085\">\n<p data-start=\"1051\" data-end=\"1085\">Material: 100 % Polyester (210D)<\/p>\n<\/li>\n<li data-start=\"1086\" data-end=\"1121\">\n<p data-start=\"1088\" data-end=\"1121\">Verst\u00e4rkte Ecken mit Metall\u00f6sen<\/p>\n<\/li>\n<li data-start=\"1122\" data-end=\"1155\">\n<p data-start=\"1124\" data-end=\"1155\">Leicht, robust &amp; pflegeleicht<\/p>\n<\/li>\n<\/ul>\n<p data-start=\"1157\" data-end=\"1324\"><strong data-start=\"1157\" data-end=\"1169\">Hinweis:<\/strong><br data-start=\"1169\" data-end=\"1172\" \/>Die dargestellten Farben unserer Produktfotos k\u00f6nnen je nach Bildschirmeinstellung leicht vom Original abweichen und sind daher nicht farbverbindlich.<\/p>\n","protected":false},"excerpt":{"rendered":"<p>Turnbeutel Polyester \u201esince 2010\u201c Schwarz mit Aufdruck in Teal und Kupfer<\/p>\n","protected":false},"featured_media":326,"template":"","meta":{"site-sidebar-layout":"default","site-content-layout":"","ast-site-content-layout":"default","site-content-style":"default","site-sidebar-style":"default","ast-global-header-display":"","ast-banner-title-visibility":"","ast-main-header-display":"","ast-hfb-above-header-display":"","ast-hfb-below-header-display":"","ast-hfb-mobile-header-display":"","site-post-title":"","ast-breadcrumbs-content":"","ast-featured-img":"","footer-sml-layout":"","ast-disable-related-posts":"","theme-transparent-header-meta":"default","adv-header-id-meta":"","stick-header-meta":"","header-above-stick-meta":"","header-main-stick-meta":"","header-below-stick-meta":"","astra-migrate-meta-layouts":"set","ast-page-background-enabled":"default","ast-page-background-meta":{"desktop":{"background-color":"var(--ast-global-color-5)","background-image":"","background-repeat":"repeat","background-position":"center center","background-size":"auto","background-attachment":"scroll","background-type":"","background-media":"","overlay-type":"","overlay-color":"","overlay-opacity":"","overlay-gradient":""},"tablet":{"background-color":"","background-image":"","background-repeat":"repeat","background-position":"center center","background-size":"auto","background-attachment":"scroll","background-type":"","background-media":"","overlay-type":"","overlay-color":"","overlay-opacity":"","overlay-gradient":""},"mobile":{"background-color":"","background-image":"","background-repeat":"repeat","background-position":"center center","background-size":"auto","background-attachment":"scroll","background-type":"","background-media":"","overlay-type":"","overlay-color":"","overlay-opacity":"","overlay-gradient":""}},"ast-content-background-meta":{"desktop":{"background-color":"var(--ast-global-color-4)","background-image":"","background-repeat":"repeat","background-position":"center center","background-size":"auto","background-attachment":"scroll","background-type":"","background-media":"","overlay-type":"","overlay-color":"","overlay-opacity":"","overlay-gradient":""},"tablet":{"background-color":"var(--ast-global-color-4)","background-image":"","background-repeat":"repeat","background-position":"center center","background-size":"auto","background-attachment":"scroll","background-type":"","background-media":"","overlay-type":"","overlay-color":"","overlay-opacity":"","overlay-gradient":""},"mobile":{"background-color":"var(--ast-global-color-4)","background-image":"","background-repeat":"repeat","background-position":"center center","background-size":"auto","background-attachment":"scroll","background-type":"","background-media":"","overlay-type":"","overlay-color":"","overlay-opacity":"","overlay-gradient":""}}},"product_brand":[66],"product_cat":[43,52],"product_tag":[60],"class_list":{"0":"post-335","1":"product","2":"type-product","3":"status-publish","4":"has-post-thumbnail","6":"product_brand-bagbase","7":"product_cat-taschen-und-beutel","8":"product_cat-turnbeutel-polyester","9":"product_tag-turnbeutel","10":"desktop-align-center","11":"tablet-align-left","12":"mobile-align-left","14":"first","15":"instock","16":"shipping-taxable","17":"purchasable","18":"product-type-simple"},"_links":{"self":[{"href":"https:\/\/mission-possible-band.de\/Fanshop\/wp-json\/wp\/v2\/product\/335","targetHints":{"allow":["GET"]}}],"collection":[{"href":"https:\/\/mission-possible-band.de\/Fanshop\/wp-json\/wp\/v2\/product"}],"about":[{"href":"https:\/\/mission-possible-band.de\/Fanshop\/wp-json\/wp\/v2\/types\/product"}],"wp:featuredmedia":[{"embeddable":true,"href":"https:\/\/mission-possible-band.de\/Fanshop\/wp-json\/wp\/v2\/media\/326"}],"wp:attachment":[{"href":"https:\/\/mission-possible-band.de\/Fanshop\/wp-json\/wp\/v2\/media?parent=335"}],"wp:term":[{"taxonomy":"product_brand","embeddable":true,"href":"https:\/\/mission-possible-band.de\/Fanshop\/wp-json\/wp\/v2\/product_brand?post=335"},{"taxonomy":"product_cat","embeddable":true,"href":"https:\/\/mission-possible-band.de\/Fanshop\/wp-json\/wp\/v2\/product_cat?post=335"},{"taxonomy":"product_tag","embeddable":true,"href":"https:\/\/mission-possible-band.de\/Fanshop\/wp-json\/wp\/v2\/product_tag?post=335"}],"curies":[{"name":"wp","href":"https:\/\/api.w.org\/{rel}","templated":true}]}}