{"id":433,"date":"2025-08-24T16:47:56","date_gmt":"2025-08-24T14:47:56","guid":{"rendered":"https:\/\/mission-possible-band.de\/Fanshop\/?post_type=product&#038;p=433"},"modified":"2025-08-26T22:16:05","modified_gmt":"2025-08-26T20:16:05","slug":"cap-schwarz-mit-columbia-blauen-aufdruck","status":"publish","type":"product","link":"https:\/\/mission-possible-band.de\/Fanshop\/produkt\/cap-schwarz-mit-columbia-blauen-aufdruck\/","title":{"rendered":"Cap Schwarz mit Columbia-blauem Print"},"content":{"rendered":"<p data-start=\"106\" data-end=\"608\"><strong data-start=\"106\" data-end=\"130\">Produktbeschreibung:<\/strong><br data-start=\"130\" data-end=\"133\" \/>Diese Cap aus 100 % schwerer, geb\u00fcrsteter Baumwolle (260 g\/m\u00b2) kombiniert sportlichen Stil mit hochwertiger Verarbeitung. Die strukturierte Krone und der vorgeformte Schirm im Sandwich-Style verleihen ihr eine klassische Form. F\u00fcr Komfort und Funktionalit\u00e4t sorgen sechs umstickte Bel\u00fcftungs\u00f6sen sowie der verstellbare Verschluss mit Metallschnalle. Der langlebige Flexdruck aus PVC-freier Polyurethanfolie setzt mit dem Columbia-blauen Print einen ausdrucksstarken Akzent.<\/p>\n<p data-start=\"610\" data-end=\"777\"><strong data-start=\"610\" data-end=\"622\">Hinweis:<\/strong><br data-start=\"622\" data-end=\"625\" \/>Die dargestellten Farben unserer Produktfotos k\u00f6nnen je nach Bildschirmeinstellung leicht vom Original abweichen und sind daher nicht farbverbindlich.<\/p>\n","protected":false},"excerpt":{"rendered":"<p>Cap Schwarz mit Columbia-blauem Print<\/p>\n","protected":false},"featured_media":0,"template":"","meta":{"site-sidebar-layout":"default","site-content-layout":"","ast-site-content-layout":"default","site-content-style":"default","site-sidebar-style":"default","ast-global-header-display":"","ast-banner-title-visibility":"","ast-main-header-display":"","ast-hfb-above-header-display":"","ast-hfb-below-header-display":"","ast-hfb-mobile-header-display":"","site-post-title":"","ast-breadcrumbs-content":"","ast-featured-img":"","footer-sml-layout":"","ast-disable-related-posts":"","theme-transparent-header-meta":"default","adv-header-id-meta":"","stick-header-meta":"","header-above-stick-meta":"","header-main-stick-meta":"","header-below-stick-meta":"","astra-migrate-meta-layouts":"set","ast-page-background-enabled":"default","ast-page-background-meta":{"desktop":{"background-color":"var(--ast-global-color-5)","background-image":"","background-repeat":"repeat","background-position":"center center","background-size":"auto","background-attachment":"scroll","background-type":"","background-media":"","overlay-type":"","overlay-color":"","overlay-opacity":"","overlay-gradient":""},"tablet":{"background-color":"","background-image":"","background-repeat":"repeat","background-position":"center center","background-size":"auto","background-attachment":"scroll","background-type":"","background-media":"","overlay-type":"","overlay-color":"","overlay-opacity":"","overlay-gradient":""},"mobile":{"background-color":"","background-image":"","background-repeat":"repeat","background-position":"center center","background-size":"auto","background-attachment":"scroll","background-type":"","background-media":"","overlay-type":"","overlay-color":"","overlay-opacity":"","overlay-gradient":""}},"ast-content-background-meta":{"desktop":{"background-color":"var(--ast-global-color-4)","background-image":"","background-repeat":"repeat","background-position":"center center","background-size":"auto","background-attachment":"scroll","background-type":"","background-media":"","overlay-type":"","overlay-color":"","overlay-opacity":"","overlay-gradient":""},"tablet":{"background-color":"var(--ast-global-color-4)","background-image":"","background-repeat":"repeat","background-position":"center center","background-size":"auto","background-attachment":"scroll","background-type":"","background-media":"","overlay-type":"","overlay-color":"","overlay-opacity":"","overlay-gradient":""},"mobile":{"background-color":"var(--ast-global-color-4)","background-image":"","background-repeat":"repeat","background-position":"center center","background-size":"auto","background-attachment":"scroll","background-type":"","background-media":"","overlay-type":"","overlay-color":"","overlay-opacity":"","overlay-gradient":""}}},"product_brand":[50],"product_cat":[48],"product_tag":[49],"class_list":{"0":"post-433","1":"product","2":"type-product","3":"status-publish","5":"product_brand-sols","6":"product_cat-caps-kopfbedeckungen","7":"product_tag-caps","8":"desktop-align-center","9":"tablet-align-left","10":"mobile-align-left","12":"first","13":"instock","14":"shipping-taxable","15":"purchasable","16":"product-type-simple"},"_links":{"self":[{"href":"https:\/\/mission-possible-band.de\/Fanshop\/wp-json\/wp\/v2\/product\/433","targetHints":{"allow":["GET"]}}],"collection":[{"href":"https:\/\/mission-possible-band.de\/Fanshop\/wp-json\/wp\/v2\/product"}],"about":[{"href":"https:\/\/mission-possible-band.de\/Fanshop\/wp-json\/wp\/v2\/types\/product"}],"wp:attachment":[{"href":"https:\/\/mission-possible-band.de\/Fanshop\/wp-json\/wp\/v2\/media?parent=433"}],"wp:term":[{"taxonomy":"product_brand","embeddable":true,"href":"https:\/\/mission-possible-band.de\/Fanshop\/wp-json\/wp\/v2\/product_brand?post=433"},{"taxonomy":"product_cat","embeddable":true,"href":"https:\/\/mission-possible-band.de\/Fanshop\/wp-json\/wp\/v2\/product_cat?post=433"},{"taxonomy":"product_tag","embeddable":true,"href":"https:\/\/mission-possible-band.de\/Fanshop\/wp-json\/wp\/v2\/product_tag?post=433"}],"curies":[{"name":"wp","href":"https:\/\/api.w.org\/{rel}","templated":true}]}}