{"id":467,"date":"2025-08-24T22:06:19","date_gmt":"2025-08-24T20:06:19","guid":{"rendered":"https:\/\/mission-possible-band.de\/Fanshop\/?post_type=product&#038;p=467"},"modified":"2025-08-28T09:54:44","modified_gmt":"2025-08-28T07:54:44","slug":"turnbeutel-baumwolle-schwarz-aufdruck-in-grau-teal","status":"publish","type":"product","link":"https:\/\/mission-possible-band.de\/Fanshop\/produkt\/turnbeutel-baumwolle-schwarz-aufdruck-in-grau-teal\/","title":{"rendered":"Turnbeutel &#8220;since 2010&#8221; Baumwolle Schwarz mit Aufdruck in Grau und Teal"},"content":{"rendered":"<p data-start=\"290\" data-end=\"556\">Der Baumwoll-Turnbeutel kombiniert l\u00e4ssigen Look mit einem Hauch Nostalgie. Das \u201eSince 2010\u201c-Motiv in Grau und Teal setzt einen stylischen Akzent, w\u00e4hrend das robuste Baumwollgewebe f\u00fcr ein nat\u00fcrliches Tragegef\u00fchl sorgt \u2013 perfekt f\u00fcr Alltag, Freizeit und Konzerte.<\/p>\n<p data-start=\"558\" data-end=\"716\"><strong data-start=\"558\" data-end=\"583\">Nachhaltig &amp; gepr\u00fcft:<\/strong><br data-start=\"583\" data-end=\"586\" \/>Hergestellt aus 100 % Baumwolle (140 g\/m\u00b2), Oeko-Tex Standard 100 zertifiziert \u2013 umweltfreundlich, hautfreundlich und langlebig.<\/p>\n<p data-start=\"718\" data-end=\"732\"><strong data-start=\"718\" data-end=\"730\">Details:<\/strong><\/p>\n<ul data-start=\"733\" data-end=\"882\">\n<li data-start=\"733\" data-end=\"757\">\n<p data-start=\"735\" data-end=\"757\">Ma\u00dfe: ca. 37 \u00d7 46 cm<\/p>\n<\/li>\n<li data-start=\"758\" data-end=\"783\">\n<p data-start=\"760\" data-end=\"783\">Volumen: ca. 12 Liter<\/p>\n<\/li>\n<li data-start=\"784\" data-end=\"835\">\n<p data-start=\"786\" data-end=\"835\">Kordelzug zum einfachen Verschlie\u00dfen und Tragen<\/p>\n<\/li>\n<li data-start=\"836\" data-end=\"882\">\n<p data-start=\"838\" data-end=\"882\">Leicht, strapazierf\u00e4hig &amp; umweltfreundlich<\/p>\n<\/li>\n<\/ul>\n<p data-start=\"884\" data-end=\"1051\"><strong data-start=\"884\" data-end=\"896\">Hinweis:<\/strong><br data-start=\"896\" data-end=\"899\" \/>Die dargestellten Farben unserer Produktfotos k\u00f6nnen je nach Bildschirmeinstellung leicht vom Original abweichen und sind daher nicht farbverbindlich.<\/p>\n","protected":false},"excerpt":{"rendered":"<p>Turnbeutel &#8220;since 2010&#8221; Baumwolle Schwarz mit Aufdruck in Grau und Teal<\/p>\n","protected":false},"featured_media":328,"template":"","meta":{"site-sidebar-layout":"default","site-content-layout":"","ast-site-content-layout":"default","site-content-style":"default","site-sidebar-style":"default","ast-global-header-display":"","ast-banner-title-visibility":"","ast-main-header-display":"","ast-hfb-above-header-display":"","ast-hfb-below-header-display":"","ast-hfb-mobile-header-display":"","site-post-title":"","ast-breadcrumbs-content":"","ast-featured-img":"","footer-sml-layout":"","ast-disable-related-posts":"","theme-transparent-header-meta":"default","adv-header-id-meta":"","stick-header-meta":"","header-above-stick-meta":"","header-main-stick-meta":"","header-below-stick-meta":"","astra-migrate-meta-layouts":"set","ast-page-background-enabled":"default","ast-page-background-meta":{"desktop":{"background-color":"var(--ast-global-color-5)","background-image":"","background-repeat":"repeat","background-position":"center center","background-size":"auto","background-attachment":"scroll","background-type":"","background-media":"","overlay-type":"","overlay-color":"","overlay-opacity":"","overlay-gradient":""},"tablet":{"background-color":"","background-image":"","background-repeat":"repeat","background-position":"center center","background-size":"auto","background-attachment":"scroll","background-type":"","background-media":"","overlay-type":"","overlay-color":"","overlay-opacity":"","overlay-gradient":""},"mobile":{"background-color":"","background-image":"","background-repeat":"repeat","background-position":"center center","background-size":"auto","background-attachment":"scroll","background-type":"","background-media":"","overlay-type":"","overlay-color":"","overlay-opacity":"","overlay-gradient":""}},"ast-content-background-meta":{"desktop":{"background-color":"var(--ast-global-color-4)","background-image":"","background-repeat":"repeat","background-position":"center center","background-size":"auto","background-attachment":"scroll","background-type":"","background-media":"","overlay-type":"","overlay-color":"","overlay-opacity":"","overlay-gradient":""},"tablet":{"background-color":"var(--ast-global-color-4)","background-image":"","background-repeat":"repeat","background-position":"center center","background-size":"auto","background-attachment":"scroll","background-type":"","background-media":"","overlay-type":"","overlay-color":"","overlay-opacity":"","overlay-gradient":""},"mobile":{"background-color":"var(--ast-global-color-4)","background-image":"","background-repeat":"repeat","background-position":"center center","background-size":"auto","background-attachment":"scroll","background-type":"","background-media":"","overlay-type":"","overlay-color":"","overlay-opacity":"","overlay-gradient":""}}},"product_brand":[67],"product_cat":[43,54],"product_tag":[60],"class_list":{"0":"post-467","1":"product","2":"type-product","3":"status-publish","4":"has-post-thumbnail","6":"product_brand-eles-vida","7":"product_cat-taschen-und-beutel","8":"product_cat-turnbeutel-baumwolle","9":"product_tag-turnbeutel","10":"desktop-align-center","11":"tablet-align-left","12":"mobile-align-left","14":"first","15":"instock","16":"shipping-taxable","17":"purchasable","18":"product-type-simple"},"_links":{"self":[{"href":"https:\/\/mission-possible-band.de\/Fanshop\/wp-json\/wp\/v2\/product\/467","targetHints":{"allow":["GET"]}}],"collection":[{"href":"https:\/\/mission-possible-band.de\/Fanshop\/wp-json\/wp\/v2\/product"}],"about":[{"href":"https:\/\/mission-possible-band.de\/Fanshop\/wp-json\/wp\/v2\/types\/product"}],"wp:featuredmedia":[{"embeddable":true,"href":"https:\/\/mission-possible-band.de\/Fanshop\/wp-json\/wp\/v2\/media\/328"}],"wp:attachment":[{"href":"https:\/\/mission-possible-band.de\/Fanshop\/wp-json\/wp\/v2\/media?parent=467"}],"wp:term":[{"taxonomy":"product_brand","embeddable":true,"href":"https:\/\/mission-possible-band.de\/Fanshop\/wp-json\/wp\/v2\/product_brand?post=467"},{"taxonomy":"product_cat","embeddable":true,"href":"https:\/\/mission-possible-band.de\/Fanshop\/wp-json\/wp\/v2\/product_cat?post=467"},{"taxonomy":"product_tag","embeddable":true,"href":"https:\/\/mission-possible-band.de\/Fanshop\/wp-json\/wp\/v2\/product_tag?post=467"}],"curies":[{"name":"wp","href":"https:\/\/api.w.org\/{rel}","templated":true}]}}