{"id":472,"date":"2025-08-24T22:22:51","date_gmt":"2025-08-24T20:22:51","guid":{"rendered":"https:\/\/mission-possible-band.de\/Fanshop\/?post_type=product&#038;p=472"},"modified":"2025-08-31T14:36:28","modified_gmt":"2025-08-31T12:36:28","slug":"turnbeutel-since-2010-schwarz-aufdruck-in-rosegold-und-silber","status":"publish","type":"product","link":"https:\/\/mission-possible-band.de\/Fanshop\/produkt\/turnbeutel-since-2010-schwarz-aufdruck-in-rosegold-und-silber\/","title":{"rendered":"Turnbeutel Ployester \u201eSince 2010\u201c in Schwarz mit Aufdruck in Ros\u00e9gold und Silber"},"content":{"rendered":"<p data-start=\"172\" data-end=\"582\">Der Turnbeutel besticht durch das exklusive \u201eSince 2010\u201c-Motiv in edlem Ros\u00e9gold und Silber. Gefertigt aus wasserabweisendem Polyester ist er ein praktischer und gleichzeitig stylischer Begleiter \u2013 ob beim Konzert, unterwegs in der Stadt oder im Alltag. Die verst\u00e4rkten Ecken mit Metall\u00f6sen sorgen f\u00fcr zus\u00e4tzliche Stabilit\u00e4t, w\u00e4hrend das leichte Material hohen Tragekomfort bietet.<\/p>\n<p data-start=\"584\" data-end=\"853\"><strong data-start=\"584\" data-end=\"602\">Pflegehinweis:<\/strong><br data-start=\"602\" data-end=\"605\" \/>Nicht waschbar! Bitte den Beutel nur mit einem leicht feuchten Tuch reinigen und anschlie\u00dfend an der Luft trocknen lassen. Keine Waschmaschine, kein Trockner und keine chemische Reinigung verwenden, um die Haltbarkeit des Drucks zu gew\u00e4hrleisten.<\/p>\n<p data-start=\"855\" data-end=\"869\"><strong data-start=\"855\" data-end=\"867\">Details:<\/strong><\/p>\n<ul data-start=\"870\" data-end=\"1044\">\n<li data-start=\"870\" data-end=\"894\">\n<p data-start=\"872\" data-end=\"894\">Ma\u00dfe: ca. 45 \u00d7 34 cm<\/p>\n<\/li>\n<li data-start=\"895\" data-end=\"920\">\n<p data-start=\"897\" data-end=\"920\">Volumen: ca. 11 Liter<\/p>\n<\/li>\n<li data-start=\"921\" data-end=\"974\">\n<p data-start=\"923\" data-end=\"974\">Material: 100 % Polyester (210D, wasserabweisend)<\/p>\n<\/li>\n<li data-start=\"975\" data-end=\"1010\">\n<p data-start=\"977\" data-end=\"1010\">Verst\u00e4rkte Ecken mit Metall\u00f6sen<\/p>\n<\/li>\n<li data-start=\"1011\" data-end=\"1044\">\n<p data-start=\"1013\" data-end=\"1044\">Leicht, robust &amp; pflegeleicht<\/p>\n<\/li>\n<\/ul>\n<p data-start=\"1046\" data-end=\"1213\"><strong data-start=\"1046\" data-end=\"1058\">Hinweis:<\/strong><br data-start=\"1058\" data-end=\"1061\" \/>Die dargestellten Farben unserer Produktfotos k\u00f6nnen je nach Bildschirmeinstellung leicht vom Original abweichen und sind daher nicht farbverbindlich.<\/p>\n","protected":false},"excerpt":{"rendered":"<p>Turnbeutel Ployester \u201eSince 2010\u201c in Schwarz mit Aufdruck in Ros\u00e9gold und Silber<\/p>\n","protected":false},"featured_media":325,"template":"","meta":{"site-sidebar-layout":"default","site-content-layout":"","ast-site-content-layout":"default","site-content-style":"default","site-sidebar-style":"default","ast-global-header-display":"","ast-banner-title-visibility":"","ast-main-header-display":"","ast-hfb-above-header-display":"","ast-hfb-below-header-display":"","ast-hfb-mobile-header-display":"","site-post-title":"","ast-breadcrumbs-content":"","ast-featured-img":"","footer-sml-layout":"","ast-disable-related-posts":"","theme-transparent-header-meta":"default","adv-header-id-meta":"","stick-header-meta":"","header-above-stick-meta":"","header-main-stick-meta":"","header-below-stick-meta":"","astra-migrate-meta-layouts":"set","ast-page-background-enabled":"default","ast-page-background-meta":{"desktop":{"background-color":"var(--ast-global-color-5)","background-image":"","background-repeat":"repeat","background-position":"center center","background-size":"auto","background-attachment":"scroll","background-type":"","background-media":"","overlay-type":"","overlay-color":"","overlay-opacity":"","overlay-gradient":""},"tablet":{"background-color":"","background-image":"","background-repeat":"repeat","background-position":"center center","background-size":"auto","background-attachment":"scroll","background-type":"","background-media":"","overlay-type":"","overlay-color":"","overlay-opacity":"","overlay-gradient":""},"mobile":{"background-color":"","background-image":"","background-repeat":"repeat","background-position":"center center","background-size":"auto","background-attachment":"scroll","background-type":"","background-media":"","overlay-type":"","overlay-color":"","overlay-opacity":"","overlay-gradient":""}},"ast-content-background-meta":{"desktop":{"background-color":"var(--ast-global-color-4)","background-image":"","background-repeat":"repeat","background-position":"center center","background-size":"auto","background-attachment":"scroll","background-type":"","background-media":"","overlay-type":"","overlay-color":"","overlay-opacity":"","overlay-gradient":""},"tablet":{"background-color":"var(--ast-global-color-4)","background-image":"","background-repeat":"repeat","background-position":"center center","background-size":"auto","background-attachment":"scroll","background-type":"","background-media":"","overlay-type":"","overlay-color":"","overlay-opacity":"","overlay-gradient":""},"mobile":{"background-color":"var(--ast-global-color-4)","background-image":"","background-repeat":"repeat","background-position":"center center","background-size":"auto","background-attachment":"scroll","background-type":"","background-media":"","overlay-type":"","overlay-color":"","overlay-opacity":"","overlay-gradient":""}}},"product_brand":[66],"product_cat":[43,52],"product_tag":[60],"class_list":{"0":"post-472","1":"product","2":"type-product","3":"status-publish","4":"has-post-thumbnail","6":"product_brand-bagbase","7":"product_cat-taschen-und-beutel","8":"product_cat-turnbeutel-polyester","9":"product_tag-turnbeutel","10":"desktop-align-center","11":"tablet-align-left","12":"mobile-align-left","14":"first","15":"instock","16":"shipping-taxable","17":"purchasable","18":"product-type-simple"},"_links":{"self":[{"href":"https:\/\/mission-possible-band.de\/Fanshop\/wp-json\/wp\/v2\/product\/472","targetHints":{"allow":["GET"]}}],"collection":[{"href":"https:\/\/mission-possible-band.de\/Fanshop\/wp-json\/wp\/v2\/product"}],"about":[{"href":"https:\/\/mission-possible-band.de\/Fanshop\/wp-json\/wp\/v2\/types\/product"}],"wp:featuredmedia":[{"embeddable":true,"href":"https:\/\/mission-possible-band.de\/Fanshop\/wp-json\/wp\/v2\/media\/325"}],"wp:attachment":[{"href":"https:\/\/mission-possible-band.de\/Fanshop\/wp-json\/wp\/v2\/media?parent=472"}],"wp:term":[{"taxonomy":"product_brand","embeddable":true,"href":"https:\/\/mission-possible-band.de\/Fanshop\/wp-json\/wp\/v2\/product_brand?post=472"},{"taxonomy":"product_cat","embeddable":true,"href":"https:\/\/mission-possible-band.de\/Fanshop\/wp-json\/wp\/v2\/product_cat?post=472"},{"taxonomy":"product_tag","embeddable":true,"href":"https:\/\/mission-possible-band.de\/Fanshop\/wp-json\/wp\/v2\/product_tag?post=472"}],"curies":[{"name":"wp","href":"https:\/\/api.w.org\/{rel}","templated":true}]}}