{"id":614,"date":"2025-08-26T23:37:00","date_gmt":"2025-08-26T21:37:00","guid":{"rendered":"https:\/\/mission-possible-band.de\/Fanshop\/?post_type=product&#038;p=614"},"modified":"2025-08-31T12:05:27","modified_gmt":"2025-08-31T10:05:27","slug":"turnbeutel-polyester-since-2010-schwarz-mit-aufdruck-in-grau-und-teal","status":"publish","type":"product","link":"https:\/\/mission-possible-band.de\/Fanshop\/produkt\/turnbeutel-polyester-since-2010-schwarz-mit-aufdruck-in-grau-und-teal\/","title":{"rendered":"Turnbeutel Polyester \u201esince 2010\u201c Schwarz mit Aufdruck in grau und Teal"},"content":{"rendered":"<p data-start=\"205\" data-end=\"598\">Dieser Turnbeutel im klassischen Schwarz setzt mit seinem zweifarbigen Folien-Print in in Grau und Teal setzt einen stylischen Akzent. Das <em data-start=\"365\" data-end=\"379\">\u201esince 2010\u201c<\/em>-Motiv verweist stilvoll auf die Gr\u00fcndungsgeschichte und macht den Beutel zu einem echten Hingucker. Der mix aus mattem und metallischem Effekt bringt die Farben zum Leuchten und sorgt f\u00fcr einen edlen Kontrast auf dem dunklen Untergrund.<\/p>\n<p data-start=\"600\" data-end=\"911\">Dank verst\u00e4rkter Ecken mit Metall\u00f6sen ist der Beutel stabil und langlebig, w\u00e4hrend das leichte Polyester-Material f\u00fcr angenehmes Tragen sorgt. Mit einem Fassungsverm\u00f6gen von ca. 11 Litern ist er kompakt, aber bietet ausreichend Platz f\u00fcr die wichtigsten Dinge \u2013 perfekt f\u00fcr Konzerte, Freizeit oder den Alltag.<\/p>\n<p data-start=\"913\" data-end=\"1182\"><strong data-start=\"913\" data-end=\"931\">Pflegehinweis:<\/strong><br data-start=\"931\" data-end=\"934\" \/>Nicht waschbar! Bitte den Beutel nur mit einem leicht feuchten Tuch reinigen und anschlie\u00dfend an der Luft trocknen lassen. Keine Waschmaschine, kein Trockner und keine chemische Reinigung verwenden, um die Haltbarkeit des Drucks zu gew\u00e4hrleisten.<\/p>\n<p data-start=\"1184\" data-end=\"1198\"><strong data-start=\"1184\" data-end=\"1196\">Details:<\/strong><\/p>\n<ul data-start=\"1199\" data-end=\"1356\">\n<li data-start=\"1199\" data-end=\"1223\">\n<p data-start=\"1201\" data-end=\"1223\">Ma\u00dfe: ca. 45 \u00d7 33 cm<\/p>\n<\/li>\n<li data-start=\"1224\" data-end=\"1249\">\n<p data-start=\"1226\" data-end=\"1249\">Volumen: ca. 11 Liter<\/p>\n<\/li>\n<li data-start=\"1250\" data-end=\"1286\">\n<p data-start=\"1252\" data-end=\"1286\">Material: 100 % Polyester (210D)<\/p>\n<\/li>\n<li data-start=\"1287\" data-end=\"1322\">\n<p data-start=\"1289\" data-end=\"1322\">Verst\u00e4rkte Ecken mit Metall\u00f6sen<\/p>\n<\/li>\n<li data-start=\"1323\" data-end=\"1356\">\n<p data-start=\"1325\" data-end=\"1356\">Leicht, robust &amp; pflegeleicht<\/p>\n<\/li>\n<\/ul>\n<p data-start=\"1358\" data-end=\"1525\"><strong data-start=\"1358\" data-end=\"1370\">Hinweis:<\/strong><br data-start=\"1370\" data-end=\"1373\" \/>Die dargestellten Farben unserer Produktfotos k\u00f6nnen je nach Bildschirmeinstellung leicht vom Original abweichen und sind daher nicht farbverbindlich.<\/p>\n","protected":false},"excerpt":{"rendered":"<p>Turnbeutel Polyester \u201esince 2010\u201c Schwarz mit Aufdruck in grau und Teal<\/p>\n","protected":false},"featured_media":324,"template":"","meta":{"site-sidebar-layout":"default","site-content-layout":"","ast-site-content-layout":"default","site-content-style":"default","site-sidebar-style":"default","ast-global-header-display":"","ast-banner-title-visibility":"","ast-main-header-display":"","ast-hfb-above-header-display":"","ast-hfb-below-header-display":"","ast-hfb-mobile-header-display":"","site-post-title":"","ast-breadcrumbs-content":"","ast-featured-img":"","footer-sml-layout":"","ast-disable-related-posts":"","theme-transparent-header-meta":"default","adv-header-id-meta":"","stick-header-meta":"","header-above-stick-meta":"","header-main-stick-meta":"","header-below-stick-meta":"","astra-migrate-meta-layouts":"set","ast-page-background-enabled":"default","ast-page-background-meta":{"desktop":{"background-color":"var(--ast-global-color-5)","background-image":"","background-repeat":"repeat","background-position":"center center","background-size":"auto","background-attachment":"scroll","background-type":"","background-media":"","overlay-type":"","overlay-color":"","overlay-opacity":"","overlay-gradient":""},"tablet":{"background-color":"","background-image":"","background-repeat":"repeat","background-position":"center center","background-size":"auto","background-attachment":"scroll","background-type":"","background-media":"","overlay-type":"","overlay-color":"","overlay-opacity":"","overlay-gradient":""},"mobile":{"background-color":"","background-image":"","background-repeat":"repeat","background-position":"center center","background-size":"auto","background-attachment":"scroll","background-type":"","background-media":"","overlay-type":"","overlay-color":"","overlay-opacity":"","overlay-gradient":""}},"ast-content-background-meta":{"desktop":{"background-color":"var(--ast-global-color-4)","background-image":"","background-repeat":"repeat","background-position":"center center","background-size":"auto","background-attachment":"scroll","background-type":"","background-media":"","overlay-type":"","overlay-color":"","overlay-opacity":"","overlay-gradient":""},"tablet":{"background-color":"var(--ast-global-color-4)","background-image":"","background-repeat":"repeat","background-position":"center center","background-size":"auto","background-attachment":"scroll","background-type":"","background-media":"","overlay-type":"","overlay-color":"","overlay-opacity":"","overlay-gradient":""},"mobile":{"background-color":"var(--ast-global-color-4)","background-image":"","background-repeat":"repeat","background-position":"center center","background-size":"auto","background-attachment":"scroll","background-type":"","background-media":"","overlay-type":"","overlay-color":"","overlay-opacity":"","overlay-gradient":""}}},"product_brand":[66],"product_cat":[43,52],"product_tag":[60],"class_list":{"0":"post-614","1":"product","2":"type-product","3":"status-publish","4":"has-post-thumbnail","6":"product_brand-bagbase","7":"product_cat-taschen-und-beutel","8":"product_cat-turnbeutel-polyester","9":"product_tag-turnbeutel","10":"desktop-align-center","11":"tablet-align-left","12":"mobile-align-left","14":"first","15":"instock","16":"shipping-taxable","17":"purchasable","18":"product-type-simple"},"_links":{"self":[{"href":"https:\/\/mission-possible-band.de\/Fanshop\/wp-json\/wp\/v2\/product\/614","targetHints":{"allow":["GET"]}}],"collection":[{"href":"https:\/\/mission-possible-band.de\/Fanshop\/wp-json\/wp\/v2\/product"}],"about":[{"href":"https:\/\/mission-possible-band.de\/Fanshop\/wp-json\/wp\/v2\/types\/product"}],"wp:featuredmedia":[{"embeddable":true,"href":"https:\/\/mission-possible-band.de\/Fanshop\/wp-json\/wp\/v2\/media\/324"}],"wp:attachment":[{"href":"https:\/\/mission-possible-band.de\/Fanshop\/wp-json\/wp\/v2\/media?parent=614"}],"wp:term":[{"taxonomy":"product_brand","embeddable":true,"href":"https:\/\/mission-possible-band.de\/Fanshop\/wp-json\/wp\/v2\/product_brand?post=614"},{"taxonomy":"product_cat","embeddable":true,"href":"https:\/\/mission-possible-band.de\/Fanshop\/wp-json\/wp\/v2\/product_cat?post=614"},{"taxonomy":"product_tag","embeddable":true,"href":"https:\/\/mission-possible-band.de\/Fanshop\/wp-json\/wp\/v2\/product_tag?post=614"}],"curies":[{"name":"wp","href":"https:\/\/api.w.org\/{rel}","templated":true}]}}