{"id":619,"date":"2025-08-26T23:55:48","date_gmt":"2025-08-26T21:55:48","guid":{"rendered":"https:\/\/mission-possible-band.de\/Fanshop\/?post_type=product&#038;p=619"},"modified":"2025-08-31T14:37:03","modified_gmt":"2025-08-31T12:37:03","slug":"bandana-diva-in-gelb-schwarz","status":"publish","type":"product","link":"https:\/\/mission-possible-band.de\/Fanshop\/produkt\/bandana-diva-in-gelb-schwarz\/","title":{"rendered":"Bandana &#8220;DIVA&#8221; Baumwolle in Gelb-Schwarz oder Gr\u00fcn-Schwarz"},"content":{"rendered":"<p><strong data-start=\"146\" data-end=\"196\">Mario \u201cDIVA\u201d Bandana \u2013 Dein St\u00fcck Rock\u2019n\u2019Roll!<\/strong><br data-start=\"196\" data-end=\"199\" \/>Genau wie unser S\u00e4nger: auff\u00e4llig, unverwechselbar und mit einer Extraportion Attit\u00fcde.<br data-start=\"286\" data-end=\"289\" \/>100% Baumwolle, ca. 55 x 55 cm \u2013 angenehm zu tragen, egal ob auf der B\u00fchne, beim Feiern oder im Alltag.<br data-start=\"392\" data-end=\"395\" \/><strong data-start=\"395\" data-end=\"503\">Mit hochwertigem Flexdruck: langlebiger, strapazierf\u00e4higer Foliendruck aus PVC-freier Polyurethan-Folie.<\/strong><br data-start=\"503\" data-end=\"506\" \/>Der markante Schriftzug macht\u2019s zum echten Statement-Piece.<br data-start=\"565\" data-end=\"568\" \/>DIVA tr\u00e4gt\u2019s \u2013 und jetzt auch du<\/p>\n<p>Hinweis: Vor dem ersten tragen, bitte separat mit der Hand waschen, da die T\u00fccher bei der ersten W\u00e4sche minimal ausf\u00e4rben k\u00f6nnen.<\/p>\n","protected":false},"excerpt":{"rendered":"<p>Bandana &#8220;DIVA&#8221; Baumwolle in Gelb-Schwarz oder Gr\u00fcn-Schwarz<\/p>\n","protected":false},"featured_media":618,"template":"","meta":{"site-sidebar-layout":"default","site-content-layout":"","ast-site-content-layout":"default","site-content-style":"default","site-sidebar-style":"default","ast-global-header-display":"","ast-banner-title-visibility":"","ast-main-header-display":"","ast-hfb-above-header-display":"","ast-hfb-below-header-display":"","ast-hfb-mobile-header-display":"","site-post-title":"","ast-breadcrumbs-content":"","ast-featured-img":"","footer-sml-layout":"","ast-disable-related-posts":"","theme-transparent-header-meta":"default","adv-header-id-meta":"","stick-header-meta":"","header-above-stick-meta":"","header-main-stick-meta":"","header-below-stick-meta":"","astra-migrate-meta-layouts":"set","ast-page-background-enabled":"default","ast-page-background-meta":{"desktop":{"background-color":"var(--ast-global-color-5)","background-image":"","background-repeat":"repeat","background-position":"center center","background-size":"auto","background-attachment":"scroll","background-type":"","background-media":"","overlay-type":"","overlay-color":"","overlay-opacity":"","overlay-gradient":""},"tablet":{"background-color":"","background-image":"","background-repeat":"repeat","background-position":"center center","background-size":"auto","background-attachment":"scroll","background-type":"","background-media":"","overlay-type":"","overlay-color":"","overlay-opacity":"","overlay-gradient":""},"mobile":{"background-color":"","background-image":"","background-repeat":"repeat","background-position":"center center","background-size":"auto","background-attachment":"scroll","background-type":"","background-media":"","overlay-type":"","overlay-color":"","overlay-opacity":"","overlay-gradient":""}},"ast-content-background-meta":{"desktop":{"background-color":"var(--ast-global-color-4)","background-image":"","background-repeat":"repeat","background-position":"center center","background-size":"auto","background-attachment":"scroll","background-type":"","background-media":"","overlay-type":"","overlay-color":"","overlay-opacity":"","overlay-gradient":""},"tablet":{"background-color":"var(--ast-global-color-4)","background-image":"","background-repeat":"repeat","background-position":"center center","background-size":"auto","background-attachment":"scroll","background-type":"","background-media":"","overlay-type":"","overlay-color":"","overlay-opacity":"","overlay-gradient":""},"mobile":{"background-color":"var(--ast-global-color-4)","background-image":"","background-repeat":"repeat","background-position":"center center","background-size":"auto","background-attachment":"scroll","background-type":"","background-media":"","overlay-type":"","overlay-color":"","overlay-opacity":"","overlay-gradient":""}}},"product_brand":[],"product_cat":[17],"product_tag":[68],"class_list":{"0":"post-619","1":"product","2":"type-product","3":"status-publish","4":"has-post-thumbnail","6":"product_cat-accessoires","7":"product_tag-bandana","8":"desktop-align-center","9":"tablet-align-left","10":"mobile-align-left","12":"first","13":"instock","14":"shipping-taxable","15":"purchasable","16":"product-type-variable"},"_links":{"self":[{"href":"https:\/\/mission-possible-band.de\/Fanshop\/wp-json\/wp\/v2\/product\/619","targetHints":{"allow":["GET"]}}],"collection":[{"href":"https:\/\/mission-possible-band.de\/Fanshop\/wp-json\/wp\/v2\/product"}],"about":[{"href":"https:\/\/mission-possible-band.de\/Fanshop\/wp-json\/wp\/v2\/types\/product"}],"wp:featuredmedia":[{"embeddable":true,"href":"https:\/\/mission-possible-band.de\/Fanshop\/wp-json\/wp\/v2\/media\/618"}],"wp:attachment":[{"href":"https:\/\/mission-possible-band.de\/Fanshop\/wp-json\/wp\/v2\/media?parent=619"}],"wp:term":[{"taxonomy":"product_brand","embeddable":true,"href":"https:\/\/mission-possible-band.de\/Fanshop\/wp-json\/wp\/v2\/product_brand?post=619"},{"taxonomy":"product_cat","embeddable":true,"href":"https:\/\/mission-possible-band.de\/Fanshop\/wp-json\/wp\/v2\/product_cat?post=619"},{"taxonomy":"product_tag","embeddable":true,"href":"https:\/\/mission-possible-band.de\/Fanshop\/wp-json\/wp\/v2\/product_tag?post=619"}],"curies":[{"name":"wp","href":"https:\/\/api.w.org\/{rel}","templated":true}]}}